{"id":576,"date":"2020-09-03T13:43:48","date_gmt":"2020-09-03T13:43:48","guid":{"rendered":"https:\/\/square-slug.jurassic.ninja\/?post_type=product&#038;p=576"},"modified":"2025-03-10T09:18:57","modified_gmt":"2025-03-10T08:18:57","slug":"skelderwikens-rogle-ipa","status":"publish","type":"product","link":"https:\/\/skelderwikensbrygghus.se\/mybeerify\/produkt\/skelderwikens-rogle-ipa\/","title":{"rendered":"Skelderwikens R\u00f6gle IPA"},"content":{"rendered":"<p>Maltig smak med tydlig beska, inslag av m\u00f6rkt kn\u00e4ckebr\u00f6d, aprikos, apelsinskal och honung.<br \/>\nNr 51350<br \/>\nFlaska 330 ml<br \/>\nAlkoholhalt 6,0 %<\/p>\n","protected":false},"excerpt":{"rendered":"<p>Maltig smak med tydlig beska, inslag av m\u00f6rkt kn\u00e4ckebr\u00f6d, aprikos, apelsinskal och honung. Nr 51350 Flaska 330 ml Alkoholhalt 6,0 %<\/p>\n","protected":false},"featured_media":584,"comment_status":"open","ping_status":"closed","template":"","meta":[],"product_cat":[16],"product_tag":[],"yoast_head":"<!-- This site is optimized with the Yoast SEO plugin v22.8 - https:\/\/yoast.com\/wordpress\/plugins\/seo\/ -->\n<title>Skelderwikens R\u00f6gle IPA - Skelderwikens<\/title>\n<meta name=\"robots\" content=\"index, follow, max-snippet:-1, max-image-preview:large, max-video-preview:-1\" \/>\n<link rel=\"canonical\" href=\"https:\/\/skelderwikensbrygghus.se\/mybeerify\/produkt\/skelderwikens-rogle-ipa\/\" \/>\n<meta property=\"og:locale\" content=\"sv_SE\" \/>\n<meta property=\"og:type\" content=\"article\" \/>\n<meta property=\"og:title\" content=\"Skelderwikens R\u00f6gle IPA - Skelderwikens\" \/>\n<meta property=\"og:description\" content=\"Maltig smak med tydlig beska, inslag av m\u00f6rkt kn\u00e4ckebr\u00f6d, aprikos, apelsinskal och honung. Nr 51350 Flaska 330 ml Alkoholhalt 6,0 %\" \/>\n<meta property=\"og:url\" content=\"https:\/\/skelderwikensbrygghus.se\/mybeerify\/produkt\/skelderwikens-rogle-ipa\/\" \/>\n<meta property=\"og:site_name\" content=\"Skelderwikens\" \/>\n<meta property=\"article:modified_time\" content=\"2025-03-10T08:18:57+00:00\" \/>\n<meta property=\"og:image\" content=\"https:\/\/skelderwikensbrygghus.se\/mybeerify\/wp-content\/uploads\/sites\/2\/2020\/10\/skelderwiken_original_mockup01_ro\u0308gle-1-scaled-e1599150116211-1024x900-1.jpg\" \/>\n\t<meta property=\"og:image:width\" content=\"1024\" \/>\n\t<meta property=\"og:image:height\" content=\"900\" \/>\n\t<meta property=\"og:image:type\" content=\"image\/jpeg\" \/>\n<meta name=\"twitter:card\" content=\"summary_large_image\" \/>\n<script type=\"application\/ld+json\" class=\"yoast-schema-graph\">{\"@context\":\"https:\/\/schema.org\",\"@graph\":[{\"@type\":\"WebPage\",\"@id\":\"https:\/\/skelderwikensbrygghus.se\/mybeerify\/produkt\/skelderwikens-rogle-ipa\/\",\"url\":\"https:\/\/skelderwikensbrygghus.se\/mybeerify\/produkt\/skelderwikens-rogle-ipa\/\",\"name\":\"Skelderwikens R\u00f6gle IPA - Skelderwikens\",\"isPartOf\":{\"@id\":\"https:\/\/skelderwikensbrygghus.se\/mybeerify\/#website\"},\"primaryImageOfPage\":{\"@id\":\"https:\/\/skelderwikensbrygghus.se\/mybeerify\/produkt\/skelderwikens-rogle-ipa\/#primaryimage\"},\"image\":{\"@id\":\"https:\/\/skelderwikensbrygghus.se\/mybeerify\/produkt\/skelderwikens-rogle-ipa\/#primaryimage\"},\"thumbnailUrl\":\"https:\/\/skelderwikensbrygghus.se\/mybeerify\/wp-content\/uploads\/sites\/2\/2020\/10\/skelderwiken_original_mockup01_ro\u0308gle-1-scaled-e1599150116211-1024x900-1.jpg\",\"datePublished\":\"2020-09-03T13:43:48+00:00\",\"dateModified\":\"2025-03-10T08:18:57+00:00\",\"breadcrumb\":{\"@id\":\"https:\/\/skelderwikensbrygghus.se\/mybeerify\/produkt\/skelderwikens-rogle-ipa\/#breadcrumb\"},\"inLanguage\":\"sv-SE\",\"potentialAction\":[{\"@type\":\"ReadAction\",\"target\":[\"https:\/\/skelderwikensbrygghus.se\/mybeerify\/produkt\/skelderwikens-rogle-ipa\/\"]}]},{\"@type\":\"ImageObject\",\"inLanguage\":\"sv-SE\",\"@id\":\"https:\/\/skelderwikensbrygghus.se\/mybeerify\/produkt\/skelderwikens-rogle-ipa\/#primaryimage\",\"url\":\"https:\/\/skelderwikensbrygghus.se\/mybeerify\/wp-content\/uploads\/sites\/2\/2020\/10\/skelderwiken_original_mockup01_ro\u0308gle-1-scaled-e1599150116211-1024x900-1.jpg\",\"contentUrl\":\"https:\/\/skelderwikensbrygghus.se\/mybeerify\/wp-content\/uploads\/sites\/2\/2020\/10\/skelderwiken_original_mockup01_ro\u0308gle-1-scaled-e1599150116211-1024x900-1.jpg\",\"width\":1024,\"height\":900},{\"@type\":\"BreadcrumbList\",\"@id\":\"https:\/\/skelderwikensbrygghus.se\/mybeerify\/produkt\/skelderwikens-rogle-ipa\/#breadcrumb\",\"itemListElement\":[{\"@type\":\"ListItem\",\"position\":1,\"name\":\"Hem\",\"item\":\"https:\/\/skelderwikensbrygghus.se\/mybeerify\/startsida\/\"},{\"@type\":\"ListItem\",\"position\":2,\"name\":\"Webbutik\",\"item\":\"https:\/\/skelderwikensbrygghus.se\/mybeerify\/butik\/\"},{\"@type\":\"ListItem\",\"position\":3,\"name\":\"Skelderwikens R\u00f6gle IPA\"}]},{\"@type\":\"WebSite\",\"@id\":\"https:\/\/skelderwikensbrygghus.se\/mybeerify\/#website\",\"url\":\"https:\/\/skelderwikensbrygghus.se\/mybeerify\/\",\"name\":\"Skelderwikens\",\"description\":\"Skelderwikens - the worlds most personalized beer experience\",\"potentialAction\":[{\"@type\":\"SearchAction\",\"target\":{\"@type\":\"EntryPoint\",\"urlTemplate\":\"https:\/\/skelderwikensbrygghus.se\/mybeerify\/?s={search_term_string}\"},\"query-input\":\"required name=search_term_string\"}],\"inLanguage\":\"sv-SE\"}]}<\/script>\n<!-- \/ Yoast SEO plugin. -->","yoast_head_json":{"title":"Skelderwikens R\u00f6gle IPA - Skelderwikens","robots":{"index":"index","follow":"follow","max-snippet":"max-snippet:-1","max-image-preview":"max-image-preview:large","max-video-preview":"max-video-preview:-1"},"canonical":"https:\/\/skelderwikensbrygghus.se\/mybeerify\/produkt\/skelderwikens-rogle-ipa\/","og_locale":"sv_SE","og_type":"article","og_title":"Skelderwikens R\u00f6gle IPA - Skelderwikens","og_description":"Maltig smak med tydlig beska, inslag av m\u00f6rkt kn\u00e4ckebr\u00f6d, aprikos, apelsinskal och honung. Nr 51350 Flaska 330 ml Alkoholhalt 6,0 %","og_url":"https:\/\/skelderwikensbrygghus.se\/mybeerify\/produkt\/skelderwikens-rogle-ipa\/","og_site_name":"Skelderwikens","article_modified_time":"2025-03-10T08:18:57+00:00","og_image":[{"width":1024,"height":900,"url":"https:\/\/skelderwikensbrygghus.se\/mybeerify\/wp-content\/uploads\/sites\/2\/2020\/10\/skelderwiken_original_mockup01_ro\u0308gle-1-scaled-e1599150116211-1024x900-1.jpg","type":"image\/jpeg"}],"twitter_card":"summary_large_image","schema":{"@context":"https:\/\/schema.org","@graph":[{"@type":"WebPage","@id":"https:\/\/skelderwikensbrygghus.se\/mybeerify\/produkt\/skelderwikens-rogle-ipa\/","url":"https:\/\/skelderwikensbrygghus.se\/mybeerify\/produkt\/skelderwikens-rogle-ipa\/","name":"Skelderwikens R\u00f6gle IPA - Skelderwikens","isPartOf":{"@id":"https:\/\/skelderwikensbrygghus.se\/mybeerify\/#website"},"primaryImageOfPage":{"@id":"https:\/\/skelderwikensbrygghus.se\/mybeerify\/produkt\/skelderwikens-rogle-ipa\/#primaryimage"},"image":{"@id":"https:\/\/skelderwikensbrygghus.se\/mybeerify\/produkt\/skelderwikens-rogle-ipa\/#primaryimage"},"thumbnailUrl":"https:\/\/skelderwikensbrygghus.se\/mybeerify\/wp-content\/uploads\/sites\/2\/2020\/10\/skelderwiken_original_mockup01_ro\u0308gle-1-scaled-e1599150116211-1024x900-1.jpg","datePublished":"2020-09-03T13:43:48+00:00","dateModified":"2025-03-10T08:18:57+00:00","breadcrumb":{"@id":"https:\/\/skelderwikensbrygghus.se\/mybeerify\/produkt\/skelderwikens-rogle-ipa\/#breadcrumb"},"inLanguage":"sv-SE","potentialAction":[{"@type":"ReadAction","target":["https:\/\/skelderwikensbrygghus.se\/mybeerify\/produkt\/skelderwikens-rogle-ipa\/"]}]},{"@type":"ImageObject","inLanguage":"sv-SE","@id":"https:\/\/skelderwikensbrygghus.se\/mybeerify\/produkt\/skelderwikens-rogle-ipa\/#primaryimage","url":"https:\/\/skelderwikensbrygghus.se\/mybeerify\/wp-content\/uploads\/sites\/2\/2020\/10\/skelderwiken_original_mockup01_ro\u0308gle-1-scaled-e1599150116211-1024x900-1.jpg","contentUrl":"https:\/\/skelderwikensbrygghus.se\/mybeerify\/wp-content\/uploads\/sites\/2\/2020\/10\/skelderwiken_original_mockup01_ro\u0308gle-1-scaled-e1599150116211-1024x900-1.jpg","width":1024,"height":900},{"@type":"BreadcrumbList","@id":"https:\/\/skelderwikensbrygghus.se\/mybeerify\/produkt\/skelderwikens-rogle-ipa\/#breadcrumb","itemListElement":[{"@type":"ListItem","position":1,"name":"Hem","item":"https:\/\/skelderwikensbrygghus.se\/mybeerify\/startsida\/"},{"@type":"ListItem","position":2,"name":"Webbutik","item":"https:\/\/skelderwikensbrygghus.se\/mybeerify\/butik\/"},{"@type":"ListItem","position":3,"name":"Skelderwikens R\u00f6gle IPA"}]},{"@type":"WebSite","@id":"https:\/\/skelderwikensbrygghus.se\/mybeerify\/#website","url":"https:\/\/skelderwikensbrygghus.se\/mybeerify\/","name":"Skelderwikens","description":"Skelderwikens - the worlds most personalized beer experience","potentialAction":[{"@type":"SearchAction","target":{"@type":"EntryPoint","urlTemplate":"https:\/\/skelderwikensbrygghus.se\/mybeerify\/?s={search_term_string}"},"query-input":"required name=search_term_string"}],"inLanguage":"sv-SE"}]}},"_links":{"self":[{"href":"https:\/\/skelderwikensbrygghus.se\/mybeerify\/wp-json\/wp\/v2\/product\/576"}],"collection":[{"href":"https:\/\/skelderwikensbrygghus.se\/mybeerify\/wp-json\/wp\/v2\/product"}],"about":[{"href":"https:\/\/skelderwikensbrygghus.se\/mybeerify\/wp-json\/wp\/v2\/types\/product"}],"replies":[{"embeddable":true,"href":"https:\/\/skelderwikensbrygghus.se\/mybeerify\/wp-json\/wp\/v2\/comments?post=576"}],"wp:featuredmedia":[{"embeddable":true,"href":"https:\/\/skelderwikensbrygghus.se\/mybeerify\/wp-json\/wp\/v2\/media\/584"}],"wp:attachment":[{"href":"https:\/\/skelderwikensbrygghus.se\/mybeerify\/wp-json\/wp\/v2\/media?parent=576"}],"wp:term":[{"taxonomy":"product_cat","embeddable":true,"href":"https:\/\/skelderwikensbrygghus.se\/mybeerify\/wp-json\/wp\/v2\/product_cat?post=576"},{"taxonomy":"product_tag","embeddable":true,"href":"https:\/\/skelderwikensbrygghus.se\/mybeerify\/wp-json\/wp\/v2\/product_tag?post=576"}],"curies":[{"name":"wp","href":"https:\/\/api.w.org\/{rel}","templated":true}]}}