{"id":345,"date":"2020-08-29T14:38:14","date_gmt":"2020-08-29T12:38:14","guid":{"rendered":"https:\/\/square-slug.jurassic.ninja\/?page_id=345"},"modified":"2022-10-18T14:13:42","modified_gmt":"2022-10-18T12:13:42","slug":"for-investerare","status":"publish","type":"page","link":"https:\/\/skelderwikensbrygghus.se\/mybeerify\/for-investerare\/","title":{"rendered":"F\u00f6r Investerare"},"content":{"rendered":"<div id='full_slider_1'  class='avia-fullwidth-slider main_color avia-shadow   avia-builder-el-0  el_before_av_section  avia-builder-el-first   container_wrap fullsize' style=' '  ><div   data-size='featured'  data-lightbox_size='large'  data-animation='slide'  data-conditional_play=''  data-ids='707'  data-video_counter='0'  data-autoplay='false'  data-bg_slider='false'  data-slide_height=''  data-handle='av_slideshow_full'  data-interval='5'  data-class=' '  data-el_id=''  data-css_id=''  data-scroll_down=''  data-control_layout='av-control-default'  data-custom_markup=''  data-perma_caption=''  data-autoplay_stopper=''  data-image_attachment=''  data-min_height='0px'  data-src=''  data-position='top left'  data-repeat='no-repeat'  data-attach='scroll'  data-stretch=''  data-default-height='28.666666666667'  class='avia-slideshow avia-slideshow-1  av-control-default av-default-height-applied avia-slideshow-featured av_slideshow_full   avia-slide-slider '  itemprop=\"image\" itemscope=\"itemscope\" itemtype=\"https:\/\/schema.org\/ImageObject\" ><ul class='avia-slideshow-inner ' style='padding-bottom: 28.666666666667%;' ><li  class=' av-single-slide slide-1 ' ><div data-rel='slideshow-1' class='avia-slide-wrap '   ><div class = \"caption_fullwidth av-slideshow-caption caption_bottom\"><div class = \"container caption_container\"><div class = \"slideshow_caption\"><div class = \"slideshow_inner_caption\"><div class = \"slideshow_align_caption\"><h2  class='avia-caption-title  '  itemprop=\"name\" >F\u00f6r investerare<\/h2><\/div><\/div><\/div><\/div><\/div><img src='https:\/\/skelderwikensbrygghus.se\/mybeerify\/wp-content\/uploads\/sites\/2\/2020\/10\/citus-glas-bar-1920x934-1-1500x430.jpg' width='1500' height='430' title='citus-glas-bar-1920x934' alt=''  itemprop=\"thumbnailUrl\"   \/><\/div><\/li><\/ul><\/div><\/div>\n<div id='av_section_1'  class='avia-section main_color avia-section-default avia-no-border-styling  avia-bg-style-scroll  avia-builder-el-1  el_after_av_slideshow_full  el_before_av_section   av-arrow-down-section container_wrap fullsize' style=' '  ><div class='container' ><div class='template-page content  av-content-full alpha units'><div class='post-entry post-entry-type-page post-entry-345'><div class='entry-content-wrapper clearfix'>\n<div class=\"flex_column av_one_fifth  flex_column_div av-zero-column-padding first  avia-builder-el-2  el_before_av_three_fifth  avia-builder-el-first  \" style='border-radius:0px; '><\/div><div class=\"flex_column av_three_fifth  flex_column_div av-zero-column-padding   avia-builder-el-3  el_after_av_one_fifth  el_before_av_one_fifth  \" style='border-radius:0px; '><p><div  style='height:20px' class='hr hr-invisible   avia-builder-el-4  el_before_av_textblock  avia-builder-el-first '><span class='hr-inner ' ><span class='hr-inner-style'><\/span><\/span><\/div><br \/>\n<section class=\"av_textblock_section \"  itemscope=\"itemscope\" itemtype=\"https:\/\/schema.org\/CreativeWork\" ><div class='avia_textblock  '   itemprop=\"text\" ><h2>Intresserad av att bli del\u00e4gare i Skelderwikens Brygghus?<\/h2>\n<p>Vi \u00e4r idag \u00f6ver 120 aktie\u00e4gare och v\u00e4lkomnar fler att f\u00f6lja med p\u00e5 v\u00e5r resa! Vi \u00e4r ett hantverksbryggerie som p\u00e5b\u00f6rjat en sp\u00e4nnande resa. Via digitalisering erbjuds v\u00e5r \u00f6l till f\u00f6retag, f\u00f6reningar, restauranger, privatpersoner som vill s\u00e4tta sitt budskap i centrum. Vi ska \u00e4ven aktivt arbeta f\u00f6r att minska produktens p\u00e5verkan p\u00e5 klimatet.\u00a0 Bland annat genom samarbeten med andra mikrobryggerier, ekologiska r\u00e5varor och klimatsmarta transporter. Genom goda samarbeten bidrar vi till en b\u00e4ttre v\u00e4rld!<\/p>\n<\/div><\/section><br \/>\n<div  style='height:20px' class='hr hr-invisible   avia-builder-el-6  el_after_av_textblock  avia-builder-el-last '><span class='hr-inner ' ><span class='hr-inner-style'><\/span><\/span><\/div><\/p><\/div><div class=\"flex_column av_one_fifth  flex_column_div av-zero-column-padding   avia-builder-el-7  el_after_av_three_fifth  el_before_av_one_fifth  \" style='border-radius:0px; '><\/div><div class=\"flex_column av_one_fifth  flex_column_div av-zero-column-padding first  avia-builder-el-8  el_after_av_one_fifth  el_before_av_three_fifth  column-top-margin\" style='border-radius:0px; '><\/div><div class=\"flex_column av_three_fifth  flex_column_div av-zero-column-padding   avia-builder-el-9  el_after_av_one_fifth  el_before_av_one_fifth  column-top-margin\" style='border-radius:0px; '><form action=\"https:\/\/skelderwikensbrygghus.se\/mybeerify\/for-investerare\/\" method=\"post\"  class=\"avia_ajax_form av-form-labels-visible   avia-builder-el-10  avia-builder-el-no-sibling  av-custom-form-color av-dark-form \" data-avia-form-id=\"1\" data-avia-redirect='' ><h3 class=''>Kontakta mig:<\/h3><fieldset><p class='  first_form  form_element form_fullwidth' id='element_avia_1_1'><label for=\"avia_1_1\">Namn <abbr class=\"required\" title=\"required\">*<\/abbr><\/label> <input name=\"avia_1_1\" class=\"text_input is_empty\" type=\"text\" id=\"avia_1_1\" value=\"\" \/><\/p><p class='  first_form  form_element form_element_half' id='element_avia_2_1'><label for=\"avia_2_1\">E-post <abbr class=\"required\" title=\"required\">*<\/abbr><\/label> <input name=\"avia_2_1\" class=\"text_input is_email\" type=\"text\" id=\"avia_2_1\" value=\"\" \/><\/p><p class='  form_element form_element_half' id='element_avia_3_1'><label for=\"avia_3_1\">Telefon<\/label> <input name=\"avia_3_1\" class=\"text_input \" type=\"text\" id=\"avia_3_1\" value=\"\" \/><\/p><p class='  first_form  form_element form_fullwidth' id='element_avia_4_1'><label for=\"avia_4_1\">\u00c4mne <abbr class=\"required\" title=\"required\">*<\/abbr><\/label> <input name=\"avia_4_1\" class=\"text_input is_empty\" type=\"text\" id=\"avia_4_1\" value=\"\" \/><\/p><p class='  first_form  form_element form_fullwidth av-last-visible-form-element' id='element_avia_5_1'><label for=\"avia_5_1\" class=\"textare_label hidden textare_label_avia_5_1\">Meddelande <abbr class=\"required\" title=\"required\">*<\/abbr><\/label><textarea  name=\"avia_5_1\" class=\"text_area is_empty\" cols=\"40\" rows=\"7\" id=\"avia_5_1\" ><\/textarea><\/p><p class=\"hidden\"><input type=\"text\" name=\"avia_6_1\" class=\"hidden \" id=\"avia_6_1\" value=\"\" \/><\/p><p class=\"form_element \"><input type=\"hidden\" value=\"1\" name=\"avia_generated_form1\" \/><input type=\"submit\" value=\"Skicka\" class=\"button\"  data-sending-label=\"Sending\"\/><\/p><\/fieldset><\/form><div id=\"ajaxresponse_1\" class=\"ajaxresponse ajaxresponse_1 hidden\"><\/div><\/div><div class=\"flex_column av_one_fifth  flex_column_div av-zero-column-padding   avia-builder-el-11  el_after_av_three_fifth  avia-builder-el-last  column-top-margin\" style='border-radius:0px; '><\/div><\/div><\/div><\/div><!-- close content main div --><\/div><div class='av-extra-border-element border-extra-arrow-down'><div class='av-extra-border-outer'><div class='av-extra-border-inner'  style='background-color:#ffffff;' ><\/div><\/div><\/div><\/div><div id='av_section_2'  class='avia-section alternate_color avia-section-default avia-no-border-styling  avia-bg-style-scroll  avia-builder-el-12  el_after_av_section  avia-builder-el-last   av-arrow-down-section container_wrap fullsize' style=' '  ><div class='container' ><div class='template-page content  av-content-full alpha units'><div class='post-entry post-entry-type-page post-entry-345'><div class='entry-content-wrapper clearfix'>\n<div  style='padding-bottom:10px; font-size:4.5vw;' class='av-special-heading av-special-heading-h3  blockquote modern-quote modern-centered  avia-builder-el-13  el_before_av_masonry_gallery  avia-builder-el-no-sibling  av-inherit-size '><h3 class='av-special-heading-tag '  itemprop=\"headline\"  >#skelderwikens<\/h3><div class='special-heading-border'><div class='special-heading-inner-border' ><\/div><\/div><\/div>\n<div id='av-masonry-1' class='av-masonry  noHover av-fixed-size av-large-gap av-hover-overlay-active av-masonry-animation-active av-masonry-col-3 av-caption-always av-caption-style- av-masonry-gallery   av-orientation-portrait  '  ><div class='av-masonry-container isotope av-js-disabled ' ><div class='av-masonry-entry isotope-item av-masonry-item-no-image '><\/div><a href=\"https:\/\/skelderwikensbrygghus.se\/mybeerify\/wp-content\/uploads\/sites\/2\/2020\/10\/18723441_1718026748491027_5498641780603617280_n.jpg\" id='av-masonry-1-item-628' data-av-masonry-item='628' class='av-masonry-entry isotope-item post-628 attachment type-attachment status-inherit hentry  av-masonry-item-with-image' title=\"\"  itemprop=\"thumbnailUrl\" ><div class='av-inner-masonry-sizer'><\/div><figure class='av-inner-masonry main_color'><div class=\"av-masonry-outerimage-container\"><div class=\"av-masonry-image-container\" style=\"background-image: url(https:\/\/skelderwikensbrygghus.se\/mybeerify\/wp-content\/uploads\/sites\/2\/2020\/10\/18723441_1718026748491027_5498641780603617280_n-705x470.jpg);\"><\/div><\/div><\/figure><\/a><!--end av-masonry entry--><a href=\"https:\/\/skelderwikensbrygghus.se\/mybeerify\/wp-content\/uploads\/sites\/2\/2020\/10\/23100982_126296648056939_7009539411943620608_n-1024x1024-1.jpg\" id='av-masonry-1-item-629' data-av-masonry-item='629' class='av-masonry-entry isotope-item post-629 attachment type-attachment status-inherit hentry  av-masonry-item-with-image' title=\"\"  itemprop=\"thumbnailUrl\" ><div class='av-inner-masonry-sizer'><\/div><figure class='av-inner-masonry main_color'><div class=\"av-masonry-outerimage-container\"><div class=\"av-masonry-image-container\" style=\"background-image: url(https:\/\/skelderwikensbrygghus.se\/mybeerify\/wp-content\/uploads\/sites\/2\/2020\/10\/23100982_126296648056939_7009539411943620608_n-1024x1024-1-705x705.jpg);\"><\/div><\/div><\/figure><\/a><!--end av-masonry entry--><a href=\"https:\/\/skelderwikensbrygghus.se\/mybeerify\/wp-content\/uploads\/sites\/2\/2020\/10\/53026403_1248668141966880_955985460105052160_o-1-1024x1024-1.jpg\" id='av-masonry-1-item-630' data-av-masonry-item='630' class='av-masonry-entry isotope-item post-630 attachment type-attachment status-inherit hentry  av-masonry-item-with-image' title=\"\"  itemprop=\"thumbnailUrl\" ><div class='av-inner-masonry-sizer'><\/div><figure class='av-inner-masonry main_color'><div class=\"av-masonry-outerimage-container\"><div class=\"av-masonry-image-container\" style=\"background-image: url(https:\/\/skelderwikensbrygghus.se\/mybeerify\/wp-content\/uploads\/sites\/2\/2020\/10\/53026403_1248668141966880_955985460105052160_o-1-1024x1024-1-705x705.jpg);\"><\/div><\/div><\/figure><\/a><!--end av-masonry entry--><a href=\"https:\/\/skelderwikensbrygghus.se\/mybeerify\/wp-content\/uploads\/sites\/2\/2020\/10\/malt-1024x1024-1.jpg\" id='av-masonry-1-item-713' data-av-masonry-item='713' class='av-masonry-entry isotope-item post-713 attachment type-attachment status-inherit hentry  av-masonry-item-with-image' title=\"\"  itemprop=\"thumbnailUrl\" ><div class='av-inner-masonry-sizer'><\/div><figure class='av-inner-masonry main_color'><div class=\"av-masonry-outerimage-container\"><div class=\"av-masonry-image-container\" style=\"background-image: url(https:\/\/skelderwikensbrygghus.se\/mybeerify\/wp-content\/uploads\/sites\/2\/2020\/10\/malt-1024x1024-1-705x705.jpg);\"><\/div><\/div><\/figure><\/a><!--end av-masonry entry--><a href=\"https:\/\/skelderwikensbrygghus.se\/mybeerify\/wp-content\/uploads\/sites\/2\/2020\/10\/citrus-dj-768x576-1.jpg\" id='av-masonry-1-item-712' data-av-masonry-item='712' class='av-masonry-entry isotope-item post-712 attachment type-attachment status-inherit hentry  av-masonry-item-with-image' title=\"\"  itemprop=\"thumbnailUrl\" ><div class='av-inner-masonry-sizer'><\/div><figure class='av-inner-masonry main_color'><div class=\"av-masonry-outerimage-container\"><div class=\"av-masonry-image-container\" style=\"background-image: url(https:\/\/skelderwikensbrygghus.se\/mybeerify\/wp-content\/uploads\/sites\/2\/2020\/10\/citrus-dj-768x576-1-705x529.jpg);\"><\/div><\/div><\/figure><\/a><!--end av-masonry entry--><a href=\"https:\/\/skelderwikensbrygghus.se\/mybeerify\/wp-content\/uploads\/sites\/2\/2020\/10\/skipa-citrus-bok-600x800-1.jpg\" id='av-masonry-1-item-714' data-av-masonry-item='714' class='av-masonry-entry isotope-item post-714 attachment type-attachment status-inherit hentry  av-masonry-item-with-image' title=\"\"  itemprop=\"thumbnailUrl\" ><div class='av-inner-masonry-sizer'><\/div><figure class='av-inner-masonry main_color'><div class=\"av-masonry-outerimage-container\"><div class=\"av-masonry-image-container\" style=\"background-image: url(https:\/\/skelderwikensbrygghus.se\/mybeerify\/wp-content\/uploads\/sites\/2\/2020\/10\/skipa-citrus-bok-600x800-1-529x705.jpg);\"><\/div><\/div><\/figure><\/a><!--end av-masonry entry--><\/div><\/div>\n<\/p>\n","protected":false},"excerpt":{"rendered":"","protected":false},"author":3,"featured_media":0,"parent":0,"menu_order":40,"comment_status":"closed","ping_status":"closed","template":"","meta":{"footnotes":""},"yoast_head":"<!-- This site is optimized with the Yoast SEO plugin v22.8 - https:\/\/yoast.com\/wordpress\/plugins\/seo\/ -->\n<title>F\u00f6r Investerare - Skelderwikens<\/title>\n<meta name=\"robots\" content=\"index, follow, max-snippet:-1, max-image-preview:large, max-video-preview:-1\" \/>\n<link rel=\"canonical\" href=\"https:\/\/skelderwikensbrygghus.se\/mybeerify\/for-investerare\/\" \/>\n<meta property=\"og:locale\" content=\"sv_SE\" \/>\n<meta property=\"og:type\" content=\"article\" \/>\n<meta property=\"og:title\" content=\"F\u00f6r Investerare - Skelderwikens\" \/>\n<meta property=\"og:url\" content=\"https:\/\/skelderwikensbrygghus.se\/mybeerify\/for-investerare\/\" \/>\n<meta property=\"og:site_name\" content=\"Skelderwikens\" \/>\n<meta property=\"article:modified_time\" content=\"2022-10-18T12:13:42+00:00\" \/>\n<meta name=\"twitter:card\" content=\"summary_large_image\" \/>\n<meta name=\"twitter:label1\" content=\"Ber\u00e4knad l\u00e4stid\" \/>\n\t<meta name=\"twitter:data1\" content=\"9 minuter\" \/>\n<script type=\"application\/ld+json\" class=\"yoast-schema-graph\">{\"@context\":\"https:\/\/schema.org\",\"@graph\":[{\"@type\":\"WebPage\",\"@id\":\"https:\/\/skelderwikensbrygghus.se\/mybeerify\/for-investerare\/\",\"url\":\"https:\/\/skelderwikensbrygghus.se\/mybeerify\/for-investerare\/\",\"name\":\"F\u00f6r Investerare - Skelderwikens\",\"isPartOf\":{\"@id\":\"https:\/\/skelderwikensbrygghus.se\/mybeerify\/#website\"},\"datePublished\":\"2020-08-29T12:38:14+00:00\",\"dateModified\":\"2022-10-18T12:13:42+00:00\",\"breadcrumb\":{\"@id\":\"https:\/\/skelderwikensbrygghus.se\/mybeerify\/for-investerare\/#breadcrumb\"},\"inLanguage\":\"sv-SE\",\"potentialAction\":[{\"@type\":\"ReadAction\",\"target\":[\"https:\/\/skelderwikensbrygghus.se\/mybeerify\/for-investerare\/\"]}]},{\"@type\":\"BreadcrumbList\",\"@id\":\"https:\/\/skelderwikensbrygghus.se\/mybeerify\/for-investerare\/#breadcrumb\",\"itemListElement\":[{\"@type\":\"ListItem\",\"position\":1,\"name\":\"Hem\",\"item\":\"https:\/\/skelderwikensbrygghus.se\/mybeerify\/startsida\/\"},{\"@type\":\"ListItem\",\"position\":2,\"name\":\"F\u00f6r Investerare\"}]},{\"@type\":\"WebSite\",\"@id\":\"https:\/\/skelderwikensbrygghus.se\/mybeerify\/#website\",\"url\":\"https:\/\/skelderwikensbrygghus.se\/mybeerify\/\",\"name\":\"Skelderwikens\",\"description\":\"Skelderwikens - the worlds most personalized beer experience\",\"potentialAction\":[{\"@type\":\"SearchAction\",\"target\":{\"@type\":\"EntryPoint\",\"urlTemplate\":\"https:\/\/skelderwikensbrygghus.se\/mybeerify\/?s={search_term_string}\"},\"query-input\":\"required name=search_term_string\"}],\"inLanguage\":\"sv-SE\"}]}<\/script>\n<!-- \/ Yoast SEO plugin. -->","yoast_head_json":{"title":"F\u00f6r Investerare - Skelderwikens","robots":{"index":"index","follow":"follow","max-snippet":"max-snippet:-1","max-image-preview":"max-image-preview:large","max-video-preview":"max-video-preview:-1"},"canonical":"https:\/\/skelderwikensbrygghus.se\/mybeerify\/for-investerare\/","og_locale":"sv_SE","og_type":"article","og_title":"F\u00f6r Investerare - Skelderwikens","og_url":"https:\/\/skelderwikensbrygghus.se\/mybeerify\/for-investerare\/","og_site_name":"Skelderwikens","article_modified_time":"2022-10-18T12:13:42+00:00","twitter_card":"summary_large_image","twitter_misc":{"Ber\u00e4knad l\u00e4stid":"9 minuter"},"schema":{"@context":"https:\/\/schema.org","@graph":[{"@type":"WebPage","@id":"https:\/\/skelderwikensbrygghus.se\/mybeerify\/for-investerare\/","url":"https:\/\/skelderwikensbrygghus.se\/mybeerify\/for-investerare\/","name":"F\u00f6r Investerare - Skelderwikens","isPartOf":{"@id":"https:\/\/skelderwikensbrygghus.se\/mybeerify\/#website"},"datePublished":"2020-08-29T12:38:14+00:00","dateModified":"2022-10-18T12:13:42+00:00","breadcrumb":{"@id":"https:\/\/skelderwikensbrygghus.se\/mybeerify\/for-investerare\/#breadcrumb"},"inLanguage":"sv-SE","potentialAction":[{"@type":"ReadAction","target":["https:\/\/skelderwikensbrygghus.se\/mybeerify\/for-investerare\/"]}]},{"@type":"BreadcrumbList","@id":"https:\/\/skelderwikensbrygghus.se\/mybeerify\/for-investerare\/#breadcrumb","itemListElement":[{"@type":"ListItem","position":1,"name":"Hem","item":"https:\/\/skelderwikensbrygghus.se\/mybeerify\/startsida\/"},{"@type":"ListItem","position":2,"name":"F\u00f6r Investerare"}]},{"@type":"WebSite","@id":"https:\/\/skelderwikensbrygghus.se\/mybeerify\/#website","url":"https:\/\/skelderwikensbrygghus.se\/mybeerify\/","name":"Skelderwikens","description":"Skelderwikens - the worlds most personalized beer experience","potentialAction":[{"@type":"SearchAction","target":{"@type":"EntryPoint","urlTemplate":"https:\/\/skelderwikensbrygghus.se\/mybeerify\/?s={search_term_string}"},"query-input":"required name=search_term_string"}],"inLanguage":"sv-SE"}]}},"_links":{"self":[{"href":"https:\/\/skelderwikensbrygghus.se\/mybeerify\/wp-json\/wp\/v2\/pages\/345"}],"collection":[{"href":"https:\/\/skelderwikensbrygghus.se\/mybeerify\/wp-json\/wp\/v2\/pages"}],"about":[{"href":"https:\/\/skelderwikensbrygghus.se\/mybeerify\/wp-json\/wp\/v2\/types\/page"}],"author":[{"embeddable":true,"href":"https:\/\/skelderwikensbrygghus.se\/mybeerify\/wp-json\/wp\/v2\/users\/3"}],"replies":[{"embeddable":true,"href":"https:\/\/skelderwikensbrygghus.se\/mybeerify\/wp-json\/wp\/v2\/comments?post=345"}],"version-history":[{"count":49,"href":"https:\/\/skelderwikensbrygghus.se\/mybeerify\/wp-json\/wp\/v2\/pages\/345\/revisions"}],"predecessor-version":[{"id":1944,"href":"https:\/\/skelderwikensbrygghus.se\/mybeerify\/wp-json\/wp\/v2\/pages\/345\/revisions\/1944"}],"wp:attachment":[{"href":"https:\/\/skelderwikensbrygghus.se\/mybeerify\/wp-json\/wp\/v2\/media?parent=345"}],"curies":[{"name":"wp","href":"https:\/\/api.w.org\/{rel}","templated":true}]}}